{"id":55,"date":"2016-03-15T19:02:15","date_gmt":"2016-03-15T19:02:15","guid":{"rendered":"http:\/\/iraven.com.ar\/newsite\/?page_id=55"},"modified":"2016-04-13T12:09:23","modified_gmt":"2016-04-13T12:09:23","slug":"unidades-de-negocios","status":"publish","type":"page","link":"http:\/\/iraven.com.ar\/newsite\/unidades-de-negocios\/","title":{"rendered":"Unidades de negocios"},"content":{"rendered":"\n\t<div id=\"fws_69f48e0e68b53\" data-bg-mobile-hidden=\"\" class=\"wpb_row vc_row-fluid full-width-section standard_section  menuFlotante \"  style=\"padding-top: 0px; padding-bottom: 0px; \"><div class=\"row-bg-wrap\"> <div class=\"row-bg  using-bg-color \" style=\"background-color: #000000; \"><\/div> <\/div><div class=\"col span_12 dark left\">\n\t<div  class=\"vc_span3 wpb_column column_container col no-extra-padding\"  data-padding-pos=\"all\" data-hover-bg=\"\" data-animation=\"\" data-delay=\"0\">\n\t\t<div class=\"wpb_wrapper\">\n\t\t\t\n\t<div class=\"wpb_text_column wpb_content_element \">\n\t\t<div class=\"wpb_wrapper\">\n\t\t\t<p style=\"text-align: center;\"><a href=\"#exportaciones\">Exportaciones<\/a><\/p>\n\n\t\t<\/div> \n\t<\/div> \n\t\t<\/div> \n\t<\/div> \n\n\t<div  class=\"vc_span3 wpb_column column_container col no-extra-padding\"  data-padding-pos=\"all\" data-hover-bg=\"\" data-animation=\"\" data-delay=\"0\">\n\t\t<div class=\"wpb_wrapper\">\n\t\t\t\n\t<div class=\"wpb_text_column wpb_content_element \">\n\t\t<div class=\"wpb_wrapper\">\n\t\t\t<p style=\"text-align: center;\"><a href=\"#agricultura\">Agricultura<\/a><\/p>\n\n\t\t<\/div> \n\t<\/div> \n\t\t<\/div> \n\t<\/div> \n\n\t<div  class=\"vc_span3 wpb_column column_container col no-extra-padding\"  data-padding-pos=\"all\" data-hover-bg=\"\" data-animation=\"\" data-delay=\"0\">\n\t\t<div class=\"wpb_wrapper\">\n\t\t\t\n\t<div class=\"wpb_text_column wpb_content_element \">\n\t\t<div class=\"wpb_wrapper\">\n\t\t\t<p style=\"text-align: center;\"><a href=\"#ganaderia\">Ganader\u00eda<\/a><\/p>\n\n\t\t<\/div> \n\t<\/div> \n\t\t<\/div> \n\t<\/div> \n\n\t<div  class=\"vc_span3 wpb_column column_container col no-extra-padding\"  data-padding-pos=\"all\" data-hover-bg=\"\" data-animation=\"\" data-delay=\"0\">\n\t\t<div class=\"wpb_wrapper\">\n\t\t\t\n\t<div class=\"wpb_text_column wpb_content_element \">\n\t\t<div class=\"wpb_wrapper\">\n\t\t\t<p style=\"text-align: center;\"><a href=\"#realestate\">Inversiones y Real Estate<\/a><\/p>\n\n\t\t<\/div> \n\t<\/div> \n\t\t<\/div> \n\t<\/div> \n<\/div><\/div>\n\t<div id=\"exportaciones\" data-bg-mobile-hidden=\"\" class=\"wpb_row vc_row-fluid full-width-section standard_section   \"  style=\"padding-top: 10%; padding-bottom: 10%; \"><div class=\"row-bg-wrap\"> <div class=\"row-bg using-image  \" style=\"background-image: url(http:\/\/iraven.com.ar\/newsite\/wp-content\/uploads\/2016\/03\/exportaciones.jpg); background-position: left top; background-repeat: no-repeat; \"><\/div> <\/div><div class=\"col span_12 dark left\">\n\t<div  class=\"vc_span12 wpb_column column_container col no-extra-padding\"  data-padding-pos=\"all\" data-hover-bg=\"\" data-animation=\"\" data-delay=\"0\">\n\t\t<div class=\"wpb_wrapper\">\n\t\t\t\n\t<div id=\"fws_69f48e0e69d3c\" data-bg-mobile-hidden=\"\" class=\"wpb_row vc_row-fluid standard_section   \"  style=\"padding-top: 0px; padding-bottom: 0px; \"><div class=\"row-bg-wrap\"> <div class=\"row-bg   \" style=\"\"><\/div> <\/div><div class=\"col span_12  \">\n\t<div  class=\"vc_span12 wpb_column column_container col no-extra-padding has-animation\"  data-padding-pos=\"all\" data-hover-bg=\"\" data-animation=\"fade-in\" data-delay=\"0\">\n\t\t<div class=\"wpb_wrapper\">\n\t\t\t\n\t<div class=\"wpb_text_column wpb_content_element  unidades\">\n\t\t<div class=\"wpb_wrapper\">\n\t\t\t<div class=\"titular centro\">Exportaciones<\/div>\n<div class=\"separador centro\"><\/div>\n\n\t\t<\/div> \n\t<\/div> \n\t\t<\/div> \n\t<\/div> \n<\/div><\/div>\n\t<div id=\"fws_69f48e0e6a031\" data-bg-mobile-hidden=\"\" class=\"wpb_row vc_row-fluid standard_section   \"  style=\"padding-top: 0px; padding-bottom: 0px; \"><div class=\"row-bg-wrap\"> <div class=\"row-bg   \" style=\"\"><\/div> <\/div><div class=\"col span_12  \">\n\t<div  class=\"vc_span12 wpb_column column_container col no-extra-padding\"  data-padding-pos=\"all\" data-hover-bg=\"\" data-animation=\"\" data-delay=\"0\">\n\t\t<div class=\"wpb_wrapper\">\n\t\t\t\n\t<div class=\"wpb_text_column wpb_content_element \">\n\t\t<div class=\"wpb_wrapper\">\n\t\t\t<div class=\"destacado yellow centro\">Soja, Maiz, Trigo, Sorgo, Cebada, Pellets de soja, Pellets de alfalfa, Soja extrusada, Maiz extrusado, Maiz quebrado.<\/div>\n\n\t\t<\/div> \n\t<\/div> \n\t\t<\/div> \n\t<\/div> \n<\/div><\/div>\n\t<div id=\"fws_69f48e0e6a26e\" data-bg-mobile-hidden=\"\" class=\"wpb_row vc_row-fluid standard_section   \"  style=\"padding-top: 0px; padding-bottom: 0px; \"><div class=\"row-bg-wrap\"> <div class=\"row-bg   \" style=\"\"><\/div> <\/div><div class=\"col span_12  \">\n\t<div  class=\"vc_span4 wpb_column column_container col no-extra-padding has-animation\"  data-padding-pos=\"all\" data-hover-bg=\"\" data-animation=\"fade-in-from-bottom\" data-delay=\"0\">\n\t\t<div class=\"wpb_wrapper\">\n\t\t\t\n\t<div class=\"wpb_text_column wpb_content_element  unidades\">\n\t\t<div class=\"wpb_wrapper\">\n\t\t\t<div class=\"centro\"><img loading=\"lazy\" decoding=\"async\" class=\"size-full wp-image-124 aligncenter\" src=\"http:\/\/iraven.com.ar\/newsite\/wp-content\/uploads\/2016\/03\/circle_mercado.png\" alt=\"circle_mercado\" width=\"107\" height=\"106\" srcset=\"http:\/\/iraven.com.ar\/newsite\/wp-content\/uploads\/2016\/03\/circle_mercado.png 107w, http:\/\/iraven.com.ar\/newsite\/wp-content\/uploads\/2016\/03\/circle_mercado-50x50.png 50w, http:\/\/iraven.com.ar\/newsite\/wp-content\/uploads\/2016\/03\/circle_mercado-100x100.png 100w\" sizes=\"(max-width: 107px) 100vw, 107px\" \/><\/div>\n<div class=\"titular centro menor\">Mercado<\/div>\n<div class=\"centro_uni\">Exportamos granos, subproductos y alimento animal a los principales mercados mundiales.<\/div>\n\n\t\t<\/div> \n\t<\/div> \n\t\t<\/div> \n\t<\/div> \n\n\t<div  class=\"vc_span4 wpb_column column_container col no-extra-padding has-animation\"  data-padding-pos=\"all\" data-hover-bg=\"\" data-animation=\"fade-in-from-bottom\" data-delay=\"0\">\n\t\t<div class=\"wpb_wrapper\">\n\t\t\t\n\t<div class=\"wpb_text_column wpb_content_element  unidades\">\n\t\t<div class=\"wpb_wrapper\">\n\t\t\t<div class=\"centro\"><img loading=\"lazy\" decoding=\"async\" class=\"size-full wp-image-122 aligncenter\" src=\"http:\/\/iraven.com.ar\/newsite\/wp-content\/uploads\/2016\/03\/circle_certificaciones.png\" alt=\"circle_certificaciones\" width=\"107\" height=\"106\" srcset=\"http:\/\/iraven.com.ar\/newsite\/wp-content\/uploads\/2016\/03\/circle_certificaciones.png 107w, http:\/\/iraven.com.ar\/newsite\/wp-content\/uploads\/2016\/03\/circle_certificaciones-50x50.png 50w, http:\/\/iraven.com.ar\/newsite\/wp-content\/uploads\/2016\/03\/circle_certificaciones-100x100.png 100w\" sizes=\"(max-width: 107px) 100vw, 107px\" \/><\/div>\n<div class=\"titular centro menor\">Certificaciones<\/div>\n<div class=\"centro_uni\">Contamos con el aval de normas internacionales y protocolos establecidos por el Organismo AQSIQ de China para la exportaci\u00f3n de granos a uno de los mercados de mayor demanda y exigencia en calidad.<\/div>\n\n\t\t<\/div> \n\t<\/div> \n\t\t<\/div> \n\t<\/div> \n\n\t<div  class=\"vc_span4 wpb_column column_container col no-extra-padding has-animation\"  data-padding-pos=\"all\" data-hover-bg=\"\" data-animation=\"fade-in-from-bottom\" data-delay=\"0\">\n\t\t<div class=\"wpb_wrapper\">\n\t\t\t\n\t<div class=\"wpb_text_column wpb_content_element  unidades\">\n\t\t<div class=\"wpb_wrapper\">\n\t\t\t<div class=\"centro\"><img loading=\"lazy\" decoding=\"async\" class=\"size-full wp-image-123 aligncenter\" src=\"http:\/\/iraven.com.ar\/newsite\/wp-content\/uploads\/2016\/03\/circle_contacto.png\" alt=\"circle_contacto\" width=\"107\" height=\"106\" srcset=\"http:\/\/iraven.com.ar\/newsite\/wp-content\/uploads\/2016\/03\/circle_contacto.png 107w, http:\/\/iraven.com.ar\/newsite\/wp-content\/uploads\/2016\/03\/circle_contacto-50x50.png 50w, http:\/\/iraven.com.ar\/newsite\/wp-content\/uploads\/2016\/03\/circle_contacto-100x100.png 100w\" sizes=\"(max-width: 107px) 100vw, 107px\" \/><\/div>\n<div class=\"titular centro menor\">Certificaciones<\/div>\n<div class=\"centro_uni\">Contamos con una amplia red de contactos que nos permiten generar negocios y abastecer a los clientes con la mas alta calidad.<\/div>\n\n\t\t<\/div> \n\t<\/div> \n\t\t<\/div> \n\t<\/div> \n<\/div><\/div>\n\t\t<\/div> \n\t<\/div> \n<\/div><\/div>\n\t<div id=\"agricultura\" data-bg-mobile-hidden=\"\" class=\"wpb_row vc_row-fluid full-width-section standard_section   \"  style=\"padding-top: 10%; padding-bottom: 10%; \"><div class=\"row-bg-wrap\"> <div class=\"row-bg using-image  \" style=\"background-image: url(http:\/\/iraven.com.ar\/newsite\/wp-content\/uploads\/2016\/03\/agricultura.jpg); background-position: left top; background-repeat: no-repeat; \"><\/div> <\/div><div class=\"col span_12 dark left\">\n\t<div  class=\"vc_span6 wpb_column column_container col no-extra-padding has-animation\"  data-padding-pos=\"all\" data-hover-bg=\"\" data-animation=\"fade-in-from-left\" data-delay=\"1000\">\n\t\t<div class=\"wpb_wrapper\">\n\t\t\t\n\t<div class=\"wpb_text_column wpb_content_element  unidades\">\n\t\t<div class=\"wpb_wrapper\">\n\t\t\t<div class=\"titular\">Agricultura<\/div>\n<div class=\"separador\"><\/div>\n<div class=\"destacado\">Siembra directa , Rotaciones, Nutrici\u00f3n estrategica , Manejo integrado de malezas, insectos y enfermedades.<\/div>\n<p>A traves de la planificacion y ejecucion de Buenas Pr\u00e1cticas Agr\u00edcolas BPA\u00b4S trazamos nuestros objetivos a cumplir en cada campa\u00f1a, con el fin de alcanzar los resultados deseados con eficiencia, eficacia y sustentabilidad en el uso de los recursos y el cuidado del medioambiente.<\/p>\n<p>El trabajo constante de nuestro equipo de profesionales en la b\u00fasqueda de alianzas estrat\u00e9gicas con proveedores de insumos, servicios y tierras nos permite alcanzar una importante diferenciaci\u00f3n de nuestros resultados en el sector.<\/p>\n<div class=\"destacado\">En las \u00faltimas campa\u00f1as nos encontramos cultivando tierras de la zona sur de la provincia de Santa Fe, con foco en la producci\u00f3n de los principales productos demandados a nivel local y mundial: soja, ma\u00edz, trigo, alfalfa, avena y sorgo.<\/div>\n\n\t\t<\/div> \n\t<\/div> \n\t\t<\/div> \n\t<\/div> \n\n\t<div  class=\"vc_span6 wpb_column column_container col no-extra-padding\"  data-padding-pos=\"all\" data-hover-bg=\"\" data-animation=\"\" data-delay=\"0\">\n\t\t<div class=\"wpb_wrapper\">\n\t\t\t\n\t<div class=\"wpb_text_column wpb_content_element \">\n\t\t<div class=\"wpb_wrapper\">\n\t\t\t\n\t\t<\/div> \n\t<\/div> \n\t\t<\/div> \n\t<\/div> \n<\/div><\/div>\n\t<div id=\"ganaderia\" data-bg-mobile-hidden=\"\" class=\"wpb_row vc_row-fluid full-width-section standard_section   \"  style=\"padding-top: 10%; padding-bottom: 10%; \"><div class=\"row-bg-wrap\"> <div class=\"row-bg using-image  \" style=\"background-image: url(http:\/\/iraven.com.ar\/newsite\/wp-content\/uploads\/2016\/03\/ganado.jpg); background-position: left top; background-repeat: no-repeat; \"><\/div> <\/div><div class=\"col span_12 dark left\">\n\t<div  class=\"vc_span12 wpb_column column_container col no-extra-padding\"  data-padding-pos=\"all\" data-hover-bg=\"\" data-animation=\"\" data-delay=\"0\">\n\t\t<div class=\"wpb_wrapper\">\n\t\t\t\n\t<div id=\"fws_69f48e0e6b50a\" data-bg-mobile-hidden=\"\" class=\"wpb_row vc_row-fluid standard_section   \"  style=\"padding-top: 0px; padding-bottom: 0px; \"><div class=\"row-bg-wrap\"> <div class=\"row-bg   \" style=\"\"><\/div> <\/div><div class=\"col span_12  \">\n\t<div  class=\"vc_span12 wpb_column column_container col no-extra-padding has-animation\"  data-padding-pos=\"all\" data-hover-bg=\"\" data-animation=\"fade-in\" data-delay=\"500\">\n\t\t<div class=\"wpb_wrapper\">\n\t\t\t\n\t<div class=\"wpb_text_column wpb_content_element  unidades\">\n\t\t<div class=\"wpb_wrapper\">\n\t\t\t<div class=\"titular centro\">Ganader\u00eda<\/div>\n<div class=\"separador centro\"><\/div>\n\n\t\t<\/div> \n\t<\/div> \n\t\t<\/div> \n\t<\/div> \n<\/div><\/div>\n\t<div id=\"fws_69f48e0e6b772\" data-bg-mobile-hidden=\"\" class=\"wpb_row vc_row-fluid standard_section   \"  style=\"padding-top: 0px; padding-bottom: 0px; \"><div class=\"row-bg-wrap\"> <div class=\"row-bg   \" style=\"\"><\/div> <\/div><div class=\"col span_12  \">\n\t<div  class=\"vc_span6 wpb_column column_container col no-extra-padding has-animation\"  data-padding-pos=\"all\" data-hover-bg=\"\" data-animation=\"fade-in-from-left\" data-delay=\"0\">\n\t\t<div class=\"wpb_wrapper\">\n\t\t\t\n\t<div class=\"wpb_text_column wpb_content_element  unidades\">\n\t\t<div class=\"wpb_wrapper\">\n\t\t\t<div class=\"titular menor\">Cr\u00eda y Recr\u00eda<\/div>\n<div class=\"separador\"><\/div>\n<p>Basada en una alimentaci\u00f3n 100% natural,desarrollamos la actividad en tierras del sur de Cordoba, que por su calidad de pastos y manejo profesional nos permite alcanzar altos \u00edndices de prenez y destete logrando de esta manera optimizar los resultados de acuerdo a los objetivos planteados.<\/p>\n\n\t\t<\/div> \n\t<\/div> \n\t\t<\/div> \n\t<\/div> \n\n\t<div  class=\"vc_span6 wpb_column column_container col no-extra-padding has-animation\"  data-padding-pos=\"all\" data-hover-bg=\"\" data-animation=\"fade-in-from-right\" data-delay=\"0\">\n\t\t<div class=\"wpb_wrapper\">\n\t\t\t\n\t<div class=\"wpb_text_column wpb_content_element  unidades\">\n\t\t<div class=\"wpb_wrapper\">\n\t\t\t<div class=\"titular menor\">Feedlot<\/div>\n<div class=\"separador\"><\/div>\n<p>Para completar nuestro ciclo productivo e integrarnos, contamos con instalaciones de feedlot ubicado en una zona estrategica de alta producci\u00f3n de alimentos. Esto nos permite ser eficientes en costos y ofrecer a nuestros clientes carnes de primera calidad.<\/p>\n\n\t\t<\/div> \n\t<\/div> \n\t\t<\/div> \n\t<\/div> \n<\/div><\/div>\n\t<div id=\"fws_69f48e0e6bb47\" data-bg-mobile-hidden=\"\" class=\"wpb_row vc_row-fluid standard_section   \"  style=\"padding-top: 0px; padding-bottom: 0px; \"><div class=\"row-bg-wrap\"> <div class=\"row-bg   \" style=\"\"><\/div> <\/div><div class=\"col span_12  \">\n\t<div  class=\"vc_span12 wpb_column column_container col no-extra-padding has-animation\"  data-padding-pos=\"all\" data-hover-bg=\"\" data-animation=\"fade-in\" data-delay=\"500\">\n\t\t<div class=\"wpb_wrapper\">\n\t\t\t\n\t<div class=\"wpb_text_column wpb_content_element \">\n\t\t<div class=\"wpb_wrapper\">\n\t\t\t<div class=\"destacado yellow centro\">Tambi\u00e9n brindamos servicios de hoteler\u00eda a terceros aprovechando nuestras intalaciones de primer nivel y know how del negocio.<\/div>\n\n\t\t<\/div> \n\t<\/div> \n\t\t<\/div> \n\t<\/div> \n<\/div><\/div>\n\t\t<\/div> \n\t<\/div> \n<\/div><\/div>\n\t<div id=\"realestate\" data-bg-mobile-hidden=\"\" class=\"wpb_row vc_row-fluid full-width-section standard_section   \"  style=\"padding-top: 10%; padding-bottom: 10%; \"><div class=\"row-bg-wrap\"> <div class=\"row-bg using-image  \" style=\"background-image: url(http:\/\/iraven.com.ar\/newsite\/wp-content\/uploads\/2016\/03\/inversiones.jpg); background-position: left top; background-repeat: no-repeat; \"><\/div> <\/div><div class=\"col span_12 dark left\">\n\t<div  class=\"vc_span6 wpb_column column_container col no-extra-padding has-animation\"  data-padding-pos=\"all\" data-hover-bg=\"\" data-animation=\"fade-in-from-left\" data-delay=\"0\">\n\t\t<div class=\"wpb_wrapper\">\n\t\t\t\n\t<div class=\"wpb_text_column wpb_content_element  unidades\">\n\t\t<div class=\"wpb_wrapper\">\n\t\t\t<div class=\"titular\">Inversiones y Real Estate<\/div>\n<div class=\"separador\"><\/div>\n<div class=\"destacado\">El negocio de Real Estate agropecuario ha ido creciendo en los \u00faltimos a\u00f1os, producto de la creciente demanda en commodities y carnes, sumado al potencial productivo y la valorizaci\u00f3n de las tierras argentinas.<\/div>\n<p>Contamos con un equipo de trabajo altamente calificado para identificar tierras con alto potencial de desarrollo agr\u00edcola &#8211; ganadero. Que a trav\u00e9s del tiempo y con un plan de desarrollo profesional, generar\u00e1n incrementos del valor del activo y flujo de fondos crecientes.<\/p>\n<p>El equipo de profesionales y asesores, trabaja para evaluar, asesorar y asociar a inversores con intenciones de participar en proyectos relacionados al sector agropecuario y agroindustrial. <\/p>\n\n\t\t<\/div> \n\t<\/div> \n\t\t<\/div> \n\t<\/div> \n\n\t<div  class=\"vc_span6 wpb_column column_container col no-extra-padding\"  data-padding-pos=\"all\" data-hover-bg=\"\" data-animation=\"\" data-delay=\"0\">\n\t\t<div class=\"wpb_wrapper\">\n\t\t\t\n\t<div class=\"wpb_text_column wpb_content_element \">\n\t\t<div class=\"wpb_wrapper\">\n\t\t\t\n\t\t<\/div> \n\t<\/div> \n\t\t<\/div> \n\t<\/div> \n<\/div><\/div>\n","protected":false},"excerpt":{"rendered":"Exportaciones Agricultura Ganader\u00eda Inversiones y Real Estate Exportaciones Soja, Maiz, Trigo, Sorgo, Cebada, Pellets de soja, Pellets de alfalfa, Soja extrusada, Maiz extrusado, Maiz quebrado. Mercado Exportamos granos, subproductos y...","protected":false},"author":1,"featured_media":0,"parent":0,"menu_order":0,"comment_status":"closed","ping_status":"closed","template":"","meta":{"footnotes":""},"class_list":["post-55","page","type-page","status-publish","hentry"],"_links":{"self":[{"href":"http:\/\/iraven.com.ar\/newsite\/wp-json\/wp\/v2\/pages\/55"}],"collection":[{"href":"http:\/\/iraven.com.ar\/newsite\/wp-json\/wp\/v2\/pages"}],"about":[{"href":"http:\/\/iraven.com.ar\/newsite\/wp-json\/wp\/v2\/types\/page"}],"author":[{"embeddable":true,"href":"http:\/\/iraven.com.ar\/newsite\/wp-json\/wp\/v2\/users\/1"}],"replies":[{"embeddable":true,"href":"http:\/\/iraven.com.ar\/newsite\/wp-json\/wp\/v2\/comments?post=55"}],"version-history":[{"count":38,"href":"http:\/\/iraven.com.ar\/newsite\/wp-json\/wp\/v2\/pages\/55\/revisions"}],"predecessor-version":[{"id":373,"href":"http:\/\/iraven.com.ar\/newsite\/wp-json\/wp\/v2\/pages\/55\/revisions\/373"}],"wp:attachment":[{"href":"http:\/\/iraven.com.ar\/newsite\/wp-json\/wp\/v2\/media?parent=55"}],"curies":[{"name":"wp","href":"https:\/\/api.w.org\/{rel}","templated":true}]}}